{"id":190,"date":"2025-06-04T13:32:40","date_gmt":"2025-06-04T11:32:40","guid":{"rendered":"https:\/\/milady-mourillon.com\/?page_id=190"},"modified":"2025-08-21T10:42:48","modified_gmt":"2025-08-21T08:42:48","slug":"groupes-et-privatisations","status":"publish","type":"page","link":"https:\/\/milady-mourillon.com\/index.php\/groupes-et-privatisations\/","title":{"rendered":"Groupes et Privatisations"},"content":{"rendered":"\n<p>Vous souhaitez organiser un \u00e9v\u00e9nement unique face \u00e0 la mer ? \ud83c\udf0a<br>Milady vous accueille pour vos repas de groupe, \u00e9v\u00e9nements priv\u00e9s ou professionnels dans un cadre d\u2019exception au Mourillon.<\/p>\n\n\n\n<p>D\u00e9jeuners, d\u00eeners, cocktails, soir\u00e9es d\u2019entreprise, anniversaires ou tout autre moment sp\u00e9cial : notre \u00e9quipe met son savoir-faire \u00e0 votre service pour cr\u00e9er une exp\u00e9rience sur mesure, adapt\u00e9e \u00e0 vos envies.<\/p>\n\n\n\n<div class=\"wp-block-buttons is-layout-flex wp-block-buttons-is-layout-flex\">\n<div class=\"wp-block-button\"><a class=\"wp-block-button__link wp-element-button\" href=\"http:\/\/milady-mourillon.com\/wp-content\/uploads\/2025\/08\/MILADY-DOSSIER-DE-PRESENTATION-1.pdf\">Pr\u00e9sentation Milady<\/a><\/div>\n<\/div>\n\n\n\n<p>\ud83d\udc49 Cliquez ci-dessous pour nous transmettre votre demande, nous reviendrons rapidement vers vous avec une proposition personnalis\u00e9e.<\/p>\n\n\n\n<div class=\"wp-block-buttons is-layout-flex wp-block-buttons-is-layout-flex\">\n<div class=\"wp-block-button\"><a class=\"wp-block-button__link wp-element-button\" href=\"https:\/\/book.bookingshake.com\/simple-form?token=833db458-8ec4-478a-9f56-f1c6a8bb3c1d&amp;link_view=true\">Groupes &amp; Privatisations<\/a><\/div>\n<\/div>\n\n\n\n<p><\/p>\n","protected":false},"excerpt":{"rendered":"<p>Vous souhaitez organiser un \u00e9v\u00e9nement unique face \u00e0 la mer ? \ud83c\udf0aMilady vous accueille pour vos repas de groupe, \u00e9v\u00e9nements priv\u00e9s ou professionnels dans un cadre d\u2019exception au Mourillon. D\u00e9jeuners, d\u00eeners, cocktails, soir\u00e9es d\u2019entreprise, anniversaires ou tout autre moment sp\u00e9cial : notre \u00e9quipe met son savoir-faire \u00e0 votre service pour cr\u00e9er une exp\u00e9rience sur mesure, [&hellip;]<\/p>\n","protected":false},"author":1,"featured_media":0,"parent":0,"menu_order":0,"comment_status":"closed","ping_status":"closed","template":"","meta":{"googlesitekit_rrm_CAow6MjADA:productID":"","footnotes":""},"class_list":["post-190","page","type-page","status-publish","hentry"],"_links":{"self":[{"href":"https:\/\/milady-mourillon.com\/index.php\/wp-json\/wp\/v2\/pages\/190","targetHints":{"allow":["GET"]}}],"collection":[{"href":"https:\/\/milady-mourillon.com\/index.php\/wp-json\/wp\/v2\/pages"}],"about":[{"href":"https:\/\/milady-mourillon.com\/index.php\/wp-json\/wp\/v2\/types\/page"}],"author":[{"embeddable":true,"href":"https:\/\/milady-mourillon.com\/index.php\/wp-json\/wp\/v2\/users\/1"}],"replies":[{"embeddable":true,"href":"https:\/\/milady-mourillon.com\/index.php\/wp-json\/wp\/v2\/comments?post=190"}],"version-history":[{"count":4,"href":"https:\/\/milady-mourillon.com\/index.php\/wp-json\/wp\/v2\/pages\/190\/revisions"}],"predecessor-version":[{"id":231,"href":"https:\/\/milady-mourillon.com\/index.php\/wp-json\/wp\/v2\/pages\/190\/revisions\/231"}],"wp:attachment":[{"href":"https:\/\/milady-mourillon.com\/index.php\/wp-json\/wp\/v2\/media?parent=190"}],"curies":[{"name":"wp","href":"https:\/\/api.w.org\/{rel}","templated":true}]}}