{"id":76,"date":"2025-05-07T16:58:59","date_gmt":"2025-05-07T14:58:59","guid":{"rendered":"https:\/\/milady-mourillon.com\/?page_id=76"},"modified":"2025-05-20T21:51:15","modified_gmt":"2025-05-20T19:51:15","slug":"histoire","status":"publish","type":"page","link":"https:\/\/milady-mourillon.com\/index.php\/histoire\/","title":{"rendered":""},"content":{"rendered":"\n<div class=\"wp-block-columns is-layout-flex wp-container-core-columns-is-layout-28f84493 wp-block-columns-is-layout-flex\">\n<div class=\"wp-block-column is-layout-flow wp-block-column-is-layout-flow\">\n<p class=\"has-text-align-center\"><mark style=\"background-color:rgba(0, 0, 0, 0)\" class=\"has-inline-color has-custom-color-2-color\">Une histoire de famille, <\/mark><br><mark style=\"background-color:rgba(0, 0, 0, 0)\" class=\"has-inline-color has-custom-color-2-color\">entre M\u00e9diterran\u00e9e et Toscane<\/mark><\/p>\n\n\n\n<p class=\"has-text-align-left has-mono-2-color has-text-color has-superbfont-small-font-size\">Milady, c\u2019est avant tout une histoire de famille. Nous sommes trois fr\u00e8res, franco-toscans, berc\u00e9s depuis toujours par l\u2019amour de la table.<\/p>\n\n\n\n<p class=\"has-text-align-left has-mono-2-color has-text-color has-superbfont-small-font-size\">Nos plus beaux souvenirs d\u2019enfance, qu\u2019ils soient en France ou en Italie, ont toujours eu pour d\u00e9cor de longues tabl\u00e9es conviviales, o\u00f9 le repas se prolongeait avec bonheur et g\u00e9n\u00e9rosit\u00e9. <\/p>\n\n\n\n<p class=\"has-text-align-left has-mono-2-color has-text-color has-superbfont-small-font-size\">Cette passion du go\u00fbt, du partage et de l\u2019hospitalit\u00e9 ne nous a jamais quitt\u00e9s. Elle nous a guid\u00e9s dans nos parcours respectifs, et nous a r\u00e9unis autour d\u2019un r\u00eave commun : cr\u00e9er un lieu qui incarne notre vision de la restauration.<\/p>\n<\/div>\n\n\n\n<div class=\"wp-block-column is-layout-flow wp-block-column-is-layout-flow\">\n<figure class=\"wp-block-image size-large\"><img loading=\"lazy\" decoding=\"async\" width=\"683\" height=\"1024\" src=\"http:\/\/milady-mourillon.com\/wp-content\/uploads\/2025\/03\/IMG_0150-683x1024.jpg\" alt=\"\" class=\"wp-image-96\" srcset=\"https:\/\/milady-mourillon.com\/wp-content\/uploads\/2025\/03\/IMG_0150-683x1024.jpg 683w, https:\/\/milady-mourillon.com\/wp-content\/uploads\/2025\/03\/IMG_0150-200x300.jpg 200w, https:\/\/milady-mourillon.com\/wp-content\/uploads\/2025\/03\/IMG_0150-768x1152.jpg 768w, https:\/\/milady-mourillon.com\/wp-content\/uploads\/2025\/03\/IMG_0150-1024x1536.jpg 1024w, https:\/\/milady-mourillon.com\/wp-content\/uploads\/2025\/03\/IMG_0150-1365x2048.jpg 1365w, https:\/\/milady-mourillon.com\/wp-content\/uploads\/2025\/03\/IMG_0150-scaled.jpg 1707w\" sizes=\"auto, (max-width: 683px) 100vw, 683px\" \/><\/figure>\n<\/div>\n<\/div>\n\n\n\n<div class=\"wp-block-columns is-layout-flex wp-container-core-columns-is-layout-28f84493 wp-block-columns-is-layout-flex\">\n<div class=\"wp-block-column is-layout-flow wp-block-column-is-layout-flow\">\n<figure class=\"wp-block-image size-large\"><img loading=\"lazy\" decoding=\"async\" width=\"683\" height=\"1024\" src=\"https:\/\/milady-mourillon.com\/wp-content\/uploads\/2025\/05\/IMG_0173-683x1024.jpg\" alt=\"\" class=\"wp-image-112\" srcset=\"https:\/\/milady-mourillon.com\/wp-content\/uploads\/2025\/05\/IMG_0173-683x1024.jpg 683w, https:\/\/milady-mourillon.com\/wp-content\/uploads\/2025\/05\/IMG_0173-200x300.jpg 200w, https:\/\/milady-mourillon.com\/wp-content\/uploads\/2025\/05\/IMG_0173-768x1152.jpg 768w, https:\/\/milady-mourillon.com\/wp-content\/uploads\/2025\/05\/IMG_0173-1024x1536.jpg 1024w, https:\/\/milady-mourillon.com\/wp-content\/uploads\/2025\/05\/IMG_0173-1365x2048.jpg 1365w, https:\/\/milady-mourillon.com\/wp-content\/uploads\/2025\/05\/IMG_0173-scaled.jpg 1707w\" sizes=\"auto, (max-width: 683px) 100vw, 683px\" \/><\/figure>\n<\/div>\n\n\n\n<div class=\"wp-block-column is-layout-flow wp-block-column-is-layout-flow\">\n<p class=\"has-text-align-center\"><mark style=\"background-color:rgba(0, 0, 0, 0)\" class=\"has-inline-color has-custom-color-2-color\">Le projet Milady, un r\u00eave devenu table<\/mark><\/p>\n\n\n\n<p class=\"has-text-align-left has-mono-2-color has-text-color has-superbfont-small-font-size\">L\u2019id\u00e9e du restaurant Milady est n\u00e9e d\u2019une envie commune : cr\u00e9er un lieu \u00e0 notre image, \u00e9l\u00e9gant sans pr\u00e9tention, raffin\u00e9 mais accessible, tourn\u00e9 vers la mer et les produits du moment.<\/p>\n\n\n\n<p class=\"has-text-align-left has-mono-2-color has-text-color has-superbfont-small-font-size\">Avec nos exp\u00e9riences compl\u00e9mentaires \u2014 Adrien, sommelier et fondateur du domaine viticole familial Tenuta Lelli ; Antoine, chef passionn\u00e9 ; et Cl\u00e9ment, gestionnaire polyvalent et homme d\u2019orchestre en salle comme en cuisine \u2014 nous avons construit ce projet avec exigence et passion. <\/p>\n\n\n\n<p class=\"has-text-align-left has-mono-2-color has-text-color has-superbfont-small-font-size\">Nous avons eu la chance d\u2019\u00eatre accompagn\u00e9s d\u00e8s les d\u00e9buts par <strong>Michel Roth<\/strong>, chef \u00e9toil\u00e9 et Meilleur Ouvrier de France, dont les conseils et la rigueur ont marqu\u00e9 l\u2019ADN de notre cuisine et de notre vision de la restauration.<\/p>\n\n\n\n<div class=\"wp-block-columns is-layout-flex wp-container-core-columns-is-layout-28f84493 wp-block-columns-is-layout-flex\">\n<div class=\"wp-block-column is-layout-flow wp-block-column-is-layout-flow\"><\/div>\n<\/div>\n<\/div>\n<\/div>\n\n\n\n<div class=\"wp-block-columns is-layout-flex wp-container-core-columns-is-layout-28f84493 wp-block-columns-is-layout-flex\">\n<div class=\"wp-block-column is-layout-flow wp-block-column-is-layout-flow\">\n<p class=\"has-text-align-center\"><mark style=\"background-color:rgba(0, 0, 0, 0)\" class=\"has-inline-color has-custom-color-2-color\">Une aventure humaine et collective<\/mark><\/p>\n\n\n\n<p class=\"has-mono-2-color has-text-color has-superbfont-small-font-size\">Depuis le premier jour, nous sommes entour\u00e9s d\u2019une \u00e9quipe fid\u00e8le, engag\u00e9e, sans qui rien n\u2019aurait \u00e9t\u00e9 possible.<\/p>\n\n\n\n<p class=\"has-mono-2-color has-text-color has-superbfont-small-font-size\">En salle comme en cuisine, chacun apporte son savoir-faire, son \u00e9nergie et sa sensibilit\u00e9. Philippe, notre chef, Ellen notre directrice et son adjoint Philippe; et toute la brigade font vivre Milady au quotidien, avec passion et rigueur. <\/p>\n\n\n\n<p class=\"has-mono-2-color has-text-color has-superbfont-small-font-size\">Cette aventure, nous la vivons comme une maison de famille ouverte sur la mer, o\u00f9 chaque client est un invit\u00e9. Milady est plus qu\u2019un restaurant : c\u2019est un lieu de transmission, de travail bien fait, et d\u2019\u00e9motions partag\u00e9es.<\/p>\n<\/div>\n\n\n\n<div class=\"wp-block-column is-layout-flow wp-block-column-is-layout-flow\">\n<figure class=\"wp-block-image size-large\"><img loading=\"lazy\" decoding=\"async\" width=\"683\" height=\"1024\" src=\"https:\/\/milady-mourillon.com\/wp-content\/uploads\/2025\/05\/IMG_9599-683x1024.jpg\" alt=\"\" class=\"wp-image-114\" srcset=\"https:\/\/milady-mourillon.com\/wp-content\/uploads\/2025\/05\/IMG_9599-683x1024.jpg 683w, https:\/\/milady-mourillon.com\/wp-content\/uploads\/2025\/05\/IMG_9599-200x300.jpg 200w, https:\/\/milady-mourillon.com\/wp-content\/uploads\/2025\/05\/IMG_9599-768x1152.jpg 768w, https:\/\/milady-mourillon.com\/wp-content\/uploads\/2025\/05\/IMG_9599-1024x1536.jpg 1024w, https:\/\/milady-mourillon.com\/wp-content\/uploads\/2025\/05\/IMG_9599-1365x2048.jpg 1365w, https:\/\/milady-mourillon.com\/wp-content\/uploads\/2025\/05\/IMG_9599-scaled.jpg 1707w\" sizes=\"auto, (max-width: 683px) 100vw, 683px\" \/><\/figure>\n<\/div>\n<\/div>\n","protected":false},"excerpt":{"rendered":"<p>Une histoire de famille, entre M\u00e9diterran\u00e9e et Toscane Milady, c\u2019est avant tout une histoire de famille. Nous sommes trois fr\u00e8res, franco-toscans, berc\u00e9s depuis toujours par l\u2019amour de la table. Nos plus beaux souvenirs d\u2019enfance, qu\u2019ils soient en France ou en Italie, ont toujours eu pour d\u00e9cor de longues tabl\u00e9es conviviales, o\u00f9 le repas se prolongeait [&hellip;]<\/p>\n","protected":false},"author":1,"featured_media":0,"parent":0,"menu_order":0,"comment_status":"closed","ping_status":"closed","template":"","meta":{"googlesitekit_rrm_CAow6MjADA:productID":"","footnotes":""},"class_list":["post-76","page","type-page","status-publish","hentry"],"_links":{"self":[{"href":"https:\/\/milady-mourillon.com\/index.php\/wp-json\/wp\/v2\/pages\/76","targetHints":{"allow":["GET"]}}],"collection":[{"href":"https:\/\/milady-mourillon.com\/index.php\/wp-json\/wp\/v2\/pages"}],"about":[{"href":"https:\/\/milady-mourillon.com\/index.php\/wp-json\/wp\/v2\/types\/page"}],"author":[{"embeddable":true,"href":"https:\/\/milady-mourillon.com\/index.php\/wp-json\/wp\/v2\/users\/1"}],"replies":[{"embeddable":true,"href":"https:\/\/milady-mourillon.com\/index.php\/wp-json\/wp\/v2\/comments?post=76"}],"version-history":[{"count":11,"href":"https:\/\/milady-mourillon.com\/index.php\/wp-json\/wp\/v2\/pages\/76\/revisions"}],"predecessor-version":[{"id":115,"href":"https:\/\/milady-mourillon.com\/index.php\/wp-json\/wp\/v2\/pages\/76\/revisions\/115"}],"wp:attachment":[{"href":"https:\/\/milady-mourillon.com\/index.php\/wp-json\/wp\/v2\/media?parent=76"}],"curies":[{"name":"wp","href":"https:\/\/api.w.org\/{rel}","templated":true}]}}